{"id":22,"date":"2019-11-13T12:53:21","date_gmt":"2019-11-13T12:53:21","guid":{"rendered":"https:\/\/helsinginraamattukoulu.fi\/miesfoorumi\/?page_id=22"},"modified":"2025-04-30T15:14:50","modified_gmt":"2025-04-30T12:14:50","slug":"kuvagalleria","status":"publish","type":"page","link":"https:\/\/helsinginraamattukoulu.fi\/miesfoorumi\/kuvagalleria\/","title":{"rendered":"Kuvagalleria"},"content":{"rendered":"<h2>Saunailta L\u00e4nsi-Pasilassa 4.12.2023<\/h2>\nngg_shortcode_0_placeholder\n<h2>Saunailta Kalliossa 3.3.2020<\/h2>\nngg_shortcode_1_placeholder\n<h2>Miesfoorumin 20-vuotisjuhlassa<\/h2>\nngg_shortcode_2_placeholder\n<h2>Miehi\u00e4 saunaillassa<\/h2>\nngg_shortcode_3_placeholder\n<h2>Jumppatauolla syysseminaarissa<\/h2>\nngg_shortcode_4_placeholder\n<h2>Merell\u00e4<\/h2>\nngg_shortcode_5_placeholder\n<h2>Maalla<\/h2>\nngg_shortcode_6_placeholder\n<h2>Syysseminaarissa<\/h2>\nngg_shortcode_7_placeholder\n<h2>Kev\u00e4tseminaarissa<\/h2>\nngg_shortcode_8_placeholder\n<h2>Miesfoorumin 10-vuotisp\u00e4ivill\u00e4<\/h2>\nngg_shortcode_9_placeholder\n<h2>Sanan ja rukouksen illassa<\/h2>\nngg_shortcode_10_placeholder\n<h2>Retkell\u00e4 Kuivasaaressa<\/h2>\nngg_shortcode_11_placeholder\n<h2>Miss\u00e4 sin\u00e4 haluaisit olla mukana?<\/h2>\n<p>\u00a9 Helsingin Raamattukoulun Miesfoorumi<\/p>\n","protected":false},"excerpt":{"rendered":"<p>Saunailta L\u00e4nsi-Pasilassa 4.12.2023 Saunailta Kalliossa 3.3.2020 Miesfoorumin 20-vuotisjuhlassa Miehi\u00e4 saunaillassa Jumppatauolla syysseminaarissa Merell\u00e4 Maalla Syysseminaarissa Kev\u00e4tseminaarissa Miesfoorumin 10-vuotisp\u00e4ivill\u00e4 Sanan ja rukouksen illassa Retkell\u00e4 Kuivasaaressa Miss\u00e4 sin\u00e4 haluaisit olla mukana? \u00a9 Helsingin Raamattukoulun Miesfoorumi<\/p>\n","protected":false},"author":1,"featured_media":0,"parent":0,"menu_order":0,"comment_status":"closed","ping_status":"closed","template":"","meta":{"ngg_post_thumbnail":0,"footnotes":""},"class_list":["post-22","page","type-page","status-publish","hentry"],"aioseo_notices":[],"_links":{"self":[{"href":"https:\/\/helsinginraamattukoulu.fi\/miesfoorumi\/wp-json\/wp\/v2\/pages\/22","targetHints":{"allow":["GET"]}}],"collection":[{"href":"https:\/\/helsinginraamattukoulu.fi\/miesfoorumi\/wp-json\/wp\/v2\/pages"}],"about":[{"href":"https:\/\/helsinginraamattukoulu.fi\/miesfoorumi\/wp-json\/wp\/v2\/types\/page"}],"author":[{"embeddable":true,"href":"https:\/\/helsinginraamattukoulu.fi\/miesfoorumi\/wp-json\/wp\/v2\/users\/1"}],"replies":[{"embeddable":true,"href":"https:\/\/helsinginraamattukoulu.fi\/miesfoorumi\/wp-json\/wp\/v2\/comments?post=22"}],"version-history":[{"count":1,"href":"https:\/\/helsinginraamattukoulu.fi\/miesfoorumi\/wp-json\/wp\/v2\/pages\/22\/revisions"}],"predecessor-version":[{"id":945,"href":"https:\/\/helsinginraamattukoulu.fi\/miesfoorumi\/wp-json\/wp\/v2\/pages\/22\/revisions\/945"}],"wp:attachment":[{"href":"https:\/\/helsinginraamattukoulu.fi\/miesfoorumi\/wp-json\/wp\/v2\/media?parent=22"}],"curies":[{"name":"wp","href":"https:\/\/api.w.org\/{rel}","templated":true}]}}