{"id":19,"date":"2022-04-07T15:00:02","date_gmt":"2022-04-07T12:00:02","guid":{"rendered":"https:\/\/helsinginraamattukoulu.fi\/miesfoorumi\/?page_id=19"},"modified":"2025-02-25T10:35:51","modified_gmt":"2025-02-25T08:35:51","slug":"artikkelit","status":"publish","type":"page","link":"https:\/\/helsinginraamattukoulu.fi\/miesfoorumi\/artikkelit\/","title":{"rendered":"Artikkelit"},"content":{"rendered":"<ol>\n<li><a href=\"https:\/\/helsinginraamattukoulu.fi\/miesfoorumi\/Artikkeli_Miesfoorumissa_hiotaan_sarmia.htm\">Miesfoorumissa hiotaan s\u00e4rmi\u00e4 ja hoidetaan haavoja, Miesfoorumi 10 vuotta<\/a> <a href=\"..\/Artikkeli_Miesfoorumissa_hiotaan_sarmia.pdf\" target=\"_blank\" rel=\"noopener noreferrer\">(pdf)<\/a><\/li>\n<li><a href=\"..\/Juhlaruno.htm\" target=\"_blank\" rel=\"noopener noreferrer\">Juhlaruno, Miesfoorumi 10 vuotta<\/a><\/li>\n<li><a href=\"..\/Artikkeli_Mies_tarvitsee_henkista_ja_hengellista_tukea.htm\" target=\"_blank\" rel=\"noopener noreferrer\">Mies tarvitsee henkist\u00e4 ja hengellist\u00e4 tukea, KD-lehden artikkeli 2007<\/a> (<a href=\"https:..\/Artikkeli_Mies_tarvitsee_henkista_ja_hengellista_tukea.pdf\" target=\"_blank\" rel=\"noopener noreferrer\">pdf)<\/a><\/li>\n<li><a href=\"https:..\/Artikkeli_Veljellista_vuorovaikutusta.htm\" target=\"_blank\" rel=\"noopener noreferrer\">Miesfoorumi on veljellist\u00e4 vuorovaikutusta<\/a> (<a href=\"https:..\/Artikkeli_Veljellista_vuorovaikutusta.pdf\" target=\"_blank\" rel=\"noopener noreferrer\">pdf)<\/a><\/li>\n<li><a href=\"..\/Artikkeli_verkostoituminen.htm\" target=\"_blank\" rel=\"noopener noreferrer\">Miesfoorumi pyrkii verkostoitumaan<\/a>&nbsp;<a href=\"..\/Miesfoorumi_pyrkii_verkostoitumaan.pdf\" target=\"_blank\" rel=\"noopener noreferrer\">(pdf<\/a>)<\/li>\n<\/ol>\n","protected":false},"excerpt":{"rendered":"<p>Miesfoorumissa hiotaan s\u00e4rmi\u00e4 ja hoidetaan haavoja, Miesfoorumi 10 vuotta (pdf) Juhlaruno, Miesfoorumi 10 vuotta Mies tarvitsee henkist\u00e4 ja hengellist\u00e4 tukea, KD-lehden artikkeli 2007 (pdf) Miesfoorumi on veljellist\u00e4 vuorovaikutusta (pdf) Miesfoorumi pyrkii verkostoitumaan&nbsp;(pdf)<\/p>\n","protected":false},"author":1,"featured_media":0,"parent":0,"menu_order":0,"comment_status":"closed","ping_status":"closed","template":"","meta":{"ngg_post_thumbnail":0,"footnotes":""},"class_list":["post-19","page","type-page","status-publish","hentry"],"aioseo_notices":[],"_links":{"self":[{"href":"https:\/\/helsinginraamattukoulu.fi\/miesfoorumi\/wp-json\/wp\/v2\/pages\/19","targetHints":{"allow":["GET"]}}],"collection":[{"href":"https:\/\/helsinginraamattukoulu.fi\/miesfoorumi\/wp-json\/wp\/v2\/pages"}],"about":[{"href":"https:\/\/helsinginraamattukoulu.fi\/miesfoorumi\/wp-json\/wp\/v2\/types\/page"}],"author":[{"embeddable":true,"href":"https:\/\/helsinginraamattukoulu.fi\/miesfoorumi\/wp-json\/wp\/v2\/users\/1"}],"replies":[{"embeddable":true,"href":"https:\/\/helsinginraamattukoulu.fi\/miesfoorumi\/wp-json\/wp\/v2\/comments?post=19"}],"version-history":[{"count":1,"href":"https:\/\/helsinginraamattukoulu.fi\/miesfoorumi\/wp-json\/wp\/v2\/pages\/19\/revisions"}],"predecessor-version":[{"id":943,"href":"https:\/\/helsinginraamattukoulu.fi\/miesfoorumi\/wp-json\/wp\/v2\/pages\/19\/revisions\/943"}],"wp:attachment":[{"href":"https:\/\/helsinginraamattukoulu.fi\/miesfoorumi\/wp-json\/wp\/v2\/media?parent=19"}],"curies":[{"name":"wp","href":"https:\/\/api.w.org\/{rel}","templated":true}]}}